{"id":29,"date":"2025-10-17T15:18:48","date_gmt":"2025-10-17T12:18:48","guid":{"rendered":"https:\/\/metaspor.com.tr\/futbol\/tokatamator\/hakkimizda\/"},"modified":"2025-10-25T03:11:57","modified_gmt":"2025-10-25T00:11:57","slug":"hakkimizda","status":"publish","type":"page","link":"https:\/\/metaspor.com.tr\/futbol\/tokatamator\/hakkimizda\/","title":{"rendered":"Hakk\u0131m\u0131zda"},"content":{"rendered":"<div class=\"wp-block-image\">\n<figure class=\"aligncenter size-large is-resized\"><img decoding=\"async\" src=\"https:\/\/metaspor.com.tr\/futbol\/sakaryaamator\/wp-content\/uploads\/sites\/19\/2025\/10\/METASPOR-1-1024x199.png\" alt=\"\" class=\"wp-image-2215\" style=\"width:484px;height:auto\"\/><\/figure>\n<\/div>\n\n\n<p>Yakla\u015f\u0131k dokuz y\u0131l \u00f6nce <strong>Sakarya\u2019da<\/strong> temelleri at\u0131lan <strong>Metaspor<\/strong>, amat\u00f6r spora dijital bir soluk kazand\u0131rmak amac\u0131yla yola \u00e7\u0131km\u0131\u015ft\u0131r.<br>Bu yolculu\u011fun ilk ad\u0131m\u0131 olan <strong>Sakarya Kurumlar Ligi<\/strong>, 1300\u2019den fazla kamu \u00e7al\u0131\u015fan\u0131n\u0131n kat\u0131l\u0131m\u0131yla b\u00fcy\u00fck bir organizasyona d\u00f6n\u00fc\u015fm\u00fc\u015f ve halen ayn\u0131 heyecanla devam etmektedir.<\/p>\n\n\n\n<p>Metaspor\u2019un yap\u0131 ta\u015flar\u0131n\u0131; <strong>devlet kurumlar\u0131nda g\u00f6rev yapan, spora g\u00f6n\u00fcl vermi\u015f bireyler<\/strong> olu\u015fturmaktad\u0131r. Kamu disipliniyle birle\u015fen amat\u00f6r ruh, Metaspor\u2019un en b\u00fcy\u00fck g\u00fcc\u00fcd\u00fcr.<br>Ekibimiz; antren\u00f6rler, futbolcular, spikerler ve saha emek\u00e7ilerinden olu\u015fur. Her biri kendi alan\u0131nda deneyimli ve i\u015finin ehli ki\u015filerdir.<\/p>\n\n\n\n<p>Metaspor, bir organizat\u00f6r de\u011fil; <strong>sporu seven, sahay\u0131 hisseden ve eme\u011fe inanan g\u00f6n\u00fcll\u00fcler toplulu\u011fudur.<\/strong><br>Amac\u0131m\u0131z, sporun her alan\u0131nda \u00fcretmek, geli\u015ftirmek ve payla\u015fmakt\u0131r. Bu nedenle turnuva veya etkinlik d\u00fczenlemek isteyen her kurum ya da toplulu\u011fa destek olmaktay\u0131z.<br>Mobil uygulama, canl\u0131 yay\u0131n veya teknik altyap\u0131 deste\u011fiyle onlar\u0131n <strong>kendi markalar\u0131 alt\u0131nda profesyonel hizmet sunmalar\u0131n\u0131<\/strong> sa\u011fl\u0131yor; yapt\u0131klar\u0131 organizasyondan keyif almalar\u0131na yard\u0131mc\u0131 oluyoruz.<\/p>\n\n\n\n<p>\ud83d\ude82  Metaspor ayn\u0131 zamanda bir tren gibidir; <strong>her organizasyon bu trenin bir vagonunu temsil eder.<\/strong><br> Sakarya Kurumlar Ligi,  \u0130stanbul Master Euro Lig,  Sakarya SATSO 7. Meslek Komitesi Turnuvas\u0131,  Sakarya SMMM Odas\u0131 Ligi,  Sakarya SEAH Ligi ve  Sakarya Olgunlar Turnuvas\u0131 bu b\u00fcy\u00fck yap\u0131n\u0131n g\u00fc\u00e7l\u00fc vagonlar\u0131d\u0131r. Bu birliktelik, Metaspor\u2019un en b\u00fcy\u00fck g\u00fcc\u00fcn\u00fc olu\u015fturur.<\/p>\n\n\n\n<figure class=\"wp-block-gallery has-nested-images columns-default is-cropped wp-block-gallery-1 is-layout-flex wp-block-gallery-is-layout-flex\">\n<figure class=\"wp-block-image size-large\"><img decoding=\"async\" data-id=\"3073\" src=\"https:\/\/metaspor.com.tr\/futbol\/sakaryaamator\/wp-content\/uploads\/sites\/19\/2025\/10\/Ekran-goruntusu-2025-10-25-024952-1024x545.png\" alt=\"\" class=\"wp-image-3073\"\/><\/figure>\n\n\n\n<figure class=\"wp-block-image size-large\"><img decoding=\"async\" data-id=\"3077\" src=\"https:\/\/metaspor.com.tr\/futbol\/sakaryaamator\/wp-content\/uploads\/sites\/19\/2025\/10\/Ekran-goruntusu-2025-10-25-025015-1024x518.png\" alt=\"\" class=\"wp-image-3077\"\/><\/figure>\n\n\n\n<figure class=\"wp-block-image size-large\"><img decoding=\"async\" data-id=\"3070\" src=\"https:\/\/metaspor.com.tr\/futbol\/sakaryaamator\/wp-content\/uploads\/sites\/19\/2025\/10\/Ekran-goruntusu-2025-10-25-025104-1024x547.png\" alt=\"\" class=\"wp-image-3070\"\/><\/figure>\n\n\n\n<figure class=\"wp-block-image size-large\"><img decoding=\"async\" data-id=\"3076\" src=\"https:\/\/metaspor.com.tr\/futbol\/sakaryaamator\/wp-content\/uploads\/sites\/19\/2025\/10\/Ekran-goruntusu-2025-10-25-025306-1024x521.png\" alt=\"\" class=\"wp-image-3076\"\/><\/figure>\n\n\n\n<figure class=\"wp-block-image size-large\"><img decoding=\"async\" data-id=\"3071\" src=\"https:\/\/metaspor.com.tr\/futbol\/sakaryaamator\/wp-content\/uploads\/sites\/19\/2025\/10\/Ekran-goruntusu-2025-10-25-025441-1024x563.png\" alt=\"\" class=\"wp-image-3071\"\/><\/figure>\n\n\n\n<figure class=\"wp-block-image size-large\"><img decoding=\"async\" data-id=\"3072\" src=\"https:\/\/metaspor.com.tr\/futbol\/sakaryaamator\/wp-content\/uploads\/sites\/19\/2025\/10\/Ekran-goruntusu-2025-10-25-025534-1024x520.png\" alt=\"\" class=\"wp-image-3072\"\/><\/figure>\n\n\n\n<figure class=\"wp-block-image size-large\"><img decoding=\"async\" data-id=\"3074\" src=\"https:\/\/metaspor.com.tr\/futbol\/sakaryaamator\/wp-content\/uploads\/sites\/19\/2025\/10\/Ekran-goruntusu-2025-10-25-025653-1024x541.png\" alt=\"\" class=\"wp-image-3074\"\/><\/figure>\n\n\n\n<figure class=\"wp-block-image size-large\"><img decoding=\"async\" data-id=\"3075\" src=\"https:\/\/metaspor.com.tr\/futbol\/sakaryaamator\/wp-content\/uploads\/sites\/19\/2025\/10\/Ekran-goruntusu-2025-10-25-030041-1024x637.png\" alt=\"\" class=\"wp-image-3075\"\/><\/figure>\n\n\n\n<figure class=\"wp-block-image size-large\"><img decoding=\"async\" data-id=\"3083\" src=\"https:\/\/metaspor.com.tr\/futbol\/sakaryaamator\/wp-content\/uploads\/sites\/19\/2025\/10\/Ekran-goruntusu-2025-10-25-025818-1024x557.jpg\" alt=\"\" class=\"wp-image-3083\"\/><\/figure>\n\n\n\n<figure class=\"wp-block-image size-large\"><img decoding=\"async\" data-id=\"3082\" src=\"https:\/\/metaspor.com.tr\/futbol\/sakaryaamator\/wp-content\/uploads\/sites\/19\/2025\/10\/Ekran-goruntusu-2025-10-25-025903-1024x534.jpg\" alt=\"\" class=\"wp-image-3082\"\/><\/figure>\n\n\n\n<figure class=\"wp-block-image size-large\"><img decoding=\"async\" data-id=\"3081\" src=\"https:\/\/metaspor.com.tr\/futbol\/sakaryaamator\/wp-content\/uploads\/sites\/19\/2025\/10\/Ekran-goruntusu-2025-10-25-025926-1024x564.jpg\" alt=\"\" class=\"wp-image-3081\"\/><\/figure>\n<\/figure>\n\n\n\n<p>\ud83c\udf96\ufe0fS<strong>akarya Olgunlar Turnuvas\u0131<\/strong> Metaspor\u2019un hik\u00e2yesinde \u00e7ok \u00f6zel bir yere sahiptir. <strong>35. sezonuna ula\u015fan bu k\u00f6kl\u00fc turnuva<\/strong>, y\u0131llard\u0131r <strong>veteran futbolun kalbinin att\u0131\u011f\u0131<\/strong>, dostlu\u011fun, rekabetin ve sayg\u0131n\u0131n ayn\u0131 sahada bulu\u015ftu\u011fu bir gelenek haline gelmi\u015ftir. Bu e\u015fsiz organizasyon, <strong>UEFA taraf\u0131ndan \u201cD\u00fcnyan\u0131n En \u0130yi \u00d6zel Futbol Organizasyonu\u201d \u00f6d\u00fcl\u00fcne<\/strong> lay\u0131k g\u00f6r\u00fclerek yaln\u0131zca Sakarya\u2019n\u0131n de\u011fil, t\u00fcm T\u00fcrkiye\u2019nin gururu olmu\u015ftur.<\/p>\n\n\n\n<figure class=\"wp-block-gallery has-nested-images columns-default is-cropped wp-block-gallery-2 is-layout-flex wp-block-gallery-is-layout-flex\">\n<figure class=\"wp-block-image size-large\"><img decoding=\"async\" data-id=\"3068\" src=\"https:\/\/metaspor.com.tr\/futbol\/sakaryaamator\/wp-content\/uploads\/sites\/19\/2025\/10\/Ekran-goruntusu-2025-10-25-024403.png\" alt=\"\" class=\"wp-image-3068\"\/><\/figure>\n\n\n\n<figure class=\"wp-block-image size-large\"><img decoding=\"async\" data-id=\"3067\" src=\"https:\/\/metaspor.com.tr\/futbol\/sakaryaamator\/wp-content\/uploads\/sites\/19\/2025\/10\/Ekran-goruntusu-2025-10-25-024414.png\" alt=\"\" class=\"wp-image-3067\"\/><\/figure>\n<\/figure>\n\n\n\n<p>\ud83c\udf96\ufe0f2022 y\u0131l\u0131nda <strong>Sakarya\u2019da<\/strong> kurulan ve T\u00fcrkiye\u2019de ilk olma \u00f6zelli\u011fini ta\u015f\u0131yan <strong>Junior S\u00fcper Lig<\/strong>, \u00e7ocuk futboluna yeni bir vizyon kazand\u0131rm\u0131\u015ft\u0131r. Bu de\u011ferli olu\u015fumun sahibi, <strong>Junior S\u00fcper Lig kurucusu Selim \u00c7ALIK<\/strong> olmu\u015ftur. Metaspor olarak , bu projenin <strong>organizasyon ve uygulama s\u00fcre\u00e7lerini \u00fcstlendik<\/strong>;<br>U9, U10 ve U11 ya\u015f kategorilerindeki t\u00fcm liglerin planlamas\u0131, fikst\u00fcr olu\u015fturulmas\u0131, saha y\u00f6netimi,  yay\u0131n altyap\u0131s\u0131 ve dijital faaliyetleri taraf\u0131m\u0131zdan y\u00fcr\u00fct\u00fclm\u00fc\u015ft\u00fcr.<\/p>\n\n\n\n<figure class=\"wp-block-gallery has-nested-images columns-default is-cropped wp-block-gallery-3 is-layout-flex wp-block-gallery-is-layout-flex\">\n<figure class=\"wp-block-image size-large\"><img decoding=\"async\" data-id=\"3057\" src=\"https:\/\/metaspor.com.tr\/futbol\/sakaryaamator\/wp-content\/uploads\/sites\/19\/2025\/10\/Ekran-goruntusu-2025-10-25-022956-1-1024x567.png\" alt=\"\" class=\"wp-image-3057\"\/><\/figure>\n\n\n\n<figure class=\"wp-block-image size-large\"><img decoding=\"async\" data-id=\"3063\" src=\"https:\/\/metaspor.com.tr\/futbol\/sakaryaamator\/wp-content\/uploads\/sites\/19\/2025\/10\/junior-1024x576.webp\" alt=\"\" class=\"wp-image-3063\"\/><\/figure>\n<\/figure>\n\n\n\n<p>Sporun t\u00fcm \u201cyapboz par\u00e7alar\u0131n\u0131\u201d bir araya getiren Metaspor; geli\u015ftirdi\u011fi <strong>mobil uygulamalar, VAR sistemi ve \u00e7e\u015fitli dijital \u00e7\u00f6z\u00fcmlerle<\/strong> kul\u00fcplerin ve sporcular\u0131n ihtiya\u00e7 duydu\u011fu t\u00fcm alanlarda <strong>yerli, yenilik\u00e7i ve eri\u015filebilir hizmetler<\/strong> sunmaktad\u0131r.<\/p>\n\n\n\n<p>2025 sezonuyla birlikte Metaspor, <strong>iki pilot il<\/strong> olarak belirlenen <strong>Sakarya ve Tokat<\/strong>\u2019ta faaliyetlerini s\u00fcrd\u00fcrmektedir. Sakarya\u2019da amat\u00f6r futbolun dijital d\u00f6n\u00fc\u015f\u00fcm\u00fcne \u00f6nc\u00fcl\u00fck ederken, <strong>Tokat\u2019ta da b\u00fcy\u00fck bir sevgi ve aidiyet duygusuyla<\/strong> bu yap\u0131y\u0131 yayg\u0131nla\u015ft\u0131r\u0131yoruz.<br>Tokat, hem amat\u00f6r futbol k\u00fclt\u00fcr\u00fc hem de insan s\u0131cakl\u0131\u011f\u0131yla, Metaspor\u2019un kendini en \u00e7ok ait hissetti\u011fi illerden biridir.<\/p>\n\n\n\n<p>Metaspor\u2019un hedefi, sahada ter d\u00f6ken her sporcunun yan\u0131nda yer almak, onlar\u0131n hik\u00e2yelerini kay\u0131t alt\u0131na almak ve gelece\u011fe kal\u0131c\u0131 bir spor ar\u015fivi b\u0131rakmakt\u0131r. Kendi kaynaklar\u0131yla g\u00fc\u00e7lenen Metaspor, her sporcunun hik\u00e2yesini de\u011ferli k\u0131lan bir topluluktur.<br>Her organizasyon, her oyuncu ve her an, Metaspor\u2019un yolculu\u011funda unutulmaz bir iz b\u0131rak\u0131r.<\/p>\n","protected":false},"excerpt":{"rendered":"<p>Yakla\u015f\u0131k dokuz y\u0131l \u00f6nce Sakarya\u2019da temelleri at\u0131lan Metaspor, amat\u00f6r spora dijital bir soluk kazand\u0131rmak amac\u0131yla yola \u00e7\u0131km\u0131\u015ft\u0131r.Bu yolculu\u011fun ilk ad\u0131m\u0131 olan Sakarya Kurumlar Ligi, 1300\u2019den fazla kamu \u00e7al\u0131\u015fan\u0131n\u0131n kat\u0131l\u0131m\u0131yla b\u00fcy\u00fck bir organizasyona d\u00f6n\u00fc\u015fm\u00fc\u015f ve halen ayn\u0131 heyecanla devam etmektedir. Metaspor\u2019un yap\u0131 ta\u015flar\u0131n\u0131; devlet kurumlar\u0131nda g\u00f6rev yapan, spora g\u00f6n\u00fcl vermi\u015f bireyler olu\u015fturmaktad\u0131r. Kamu disipliniyle birle\u015fen amat\u00f6r ruh, Metaspor\u2019un en b\u00fcy\u00fck g\u00fcc\u00fcd\u00fcr.Ekibimiz; antren\u00f6rler, futbolcular, spikerler ve saha emek\u00e7ilerinden olu\u015fur. Her biri kendi alan\u0131nda deneyimli ve i\u015finin ehli ki\u015filerdir. Metaspor, bir organizat\u00f6r de\u011fil; sporu seven, sahay\u0131 hisseden ve eme\u011fe inanan g\u00f6n\u00fcll\u00fcler toplulu\u011fudur.Amac\u0131m\u0131z, sporun her alan\u0131nda \u00fcretmek, geli\u015ftirmek ve payla\u015fmakt\u0131r. Bu nedenle turnuva veya [&hellip;]<\/p>\n","protected":false},"author":1,"featured_media":0,"parent":0,"menu_order":0,"comment_status":"closed","ping_status":"closed","template":"","meta":{"footnotes":""},"class_list":["post-29","page","type-page","status-publish","hentry"],"yoast_head":"<!-- This site is optimized with the Yoast SEO plugin v27.3 - https:\/\/yoast.com\/product\/yoast-seo-wordpress\/ -->\n<title>Hakk\u0131m\u0131zda - Tokat Amat\u00f6r<\/title>\n<meta name=\"robots\" content=\"index, follow, max-snippet:-1, max-image-preview:large, max-video-preview:-1\" \/>\n<link rel=\"canonical\" href=\"https:\/\/metaspor.com.tr\/futbol\/tokatamator\/hakkimizda\/\" \/>\n<meta property=\"og:locale\" content=\"tr_TR\" \/>\n<meta property=\"og:type\" content=\"article\" \/>\n<meta property=\"og:title\" content=\"Hakk\u0131m\u0131zda - Tokat Amat\u00f6r\" \/>\n<meta property=\"og:description\" content=\"Yakla\u015f\u0131k dokuz y\u0131l \u00f6nce Sakarya\u2019da temelleri at\u0131lan Metaspor, amat\u00f6r spora dijital bir soluk kazand\u0131rmak amac\u0131yla yola \u00e7\u0131km\u0131\u015ft\u0131r.Bu yolculu\u011fun ilk ad\u0131m\u0131 olan Sakarya Kurumlar Ligi, 1300\u2019den fazla kamu \u00e7al\u0131\u015fan\u0131n\u0131n kat\u0131l\u0131m\u0131yla b\u00fcy\u00fck bir organizasyona d\u00f6n\u00fc\u015fm\u00fc\u015f ve halen ayn\u0131 heyecanla devam etmektedir. Metaspor\u2019un yap\u0131 ta\u015flar\u0131n\u0131; devlet kurumlar\u0131nda g\u00f6rev yapan, spora g\u00f6n\u00fcl vermi\u015f bireyler olu\u015fturmaktad\u0131r. Kamu disipliniyle birle\u015fen amat\u00f6r ruh, Metaspor\u2019un en b\u00fcy\u00fck g\u00fcc\u00fcd\u00fcr.Ekibimiz; antren\u00f6rler, futbolcular, spikerler ve saha emek\u00e7ilerinden olu\u015fur. Her biri kendi alan\u0131nda deneyimli ve i\u015finin ehli ki\u015filerdir. Metaspor, bir organizat\u00f6r de\u011fil; sporu seven, sahay\u0131 hisseden ve eme\u011fe inanan g\u00f6n\u00fcll\u00fcler toplulu\u011fudur.Amac\u0131m\u0131z, sporun her alan\u0131nda \u00fcretmek, geli\u015ftirmek ve payla\u015fmakt\u0131r. Bu nedenle turnuva veya [&hellip;]\" \/>\n<meta property=\"og:url\" content=\"https:\/\/metaspor.com.tr\/futbol\/tokatamator\/hakkimizda\/\" \/>\n<meta property=\"og:site_name\" content=\"Tokat Amat\u00f6r\" \/>\n<meta property=\"article:modified_time\" content=\"2025-10-25T00:11:57+00:00\" \/>\n<meta name=\"twitter:card\" content=\"summary_large_image\" \/>\n<script type=\"application\/ld+json\" class=\"yoast-schema-graph\">{\"@context\":\"https:\\\/\\\/schema.org\",\"@graph\":[{\"@type\":\"WebPage\",\"@id\":\"https:\\\/\\\/metaspor.com.tr\\\/futbol\\\/tokatamator\\\/hakkimizda\\\/\",\"url\":\"https:\\\/\\\/metaspor.com.tr\\\/futbol\\\/tokatamator\\\/hakkimizda\\\/\",\"name\":\"Hakk\u0131m\u0131zda - Tokat Amat\u00f6r\",\"isPartOf\":{\"@id\":\"https:\\\/\\\/metaspor.com.tr\\\/futbol\\\/tokatamator\\\/#website\"},\"primaryImageOfPage\":{\"@id\":\"https:\\\/\\\/metaspor.com.tr\\\/futbol\\\/tokatamator\\\/hakkimizda\\\/#primaryimage\"},\"image\":{\"@id\":\"https:\\\/\\\/metaspor.com.tr\\\/futbol\\\/tokatamator\\\/hakkimizda\\\/#primaryimage\"},\"thumbnailUrl\":\"https:\\\/\\\/metaspor.com.tr\\\/futbol\\\/sakaryaamator\\\/wp-content\\\/uploads\\\/sites\\\/19\\\/2025\\\/10\\\/METASPOR-1-1024x199.png\",\"datePublished\":\"2025-10-17T12:18:48+00:00\",\"dateModified\":\"2025-10-25T00:11:57+00:00\",\"breadcrumb\":{\"@id\":\"https:\\\/\\\/metaspor.com.tr\\\/futbol\\\/tokatamator\\\/hakkimizda\\\/#breadcrumb\"},\"inLanguage\":\"tr\",\"potentialAction\":[{\"@type\":\"ReadAction\",\"target\":[\"https:\\\/\\\/metaspor.com.tr\\\/futbol\\\/tokatamator\\\/hakkimizda\\\/\"]}]},{\"@type\":\"ImageObject\",\"inLanguage\":\"tr\",\"@id\":\"https:\\\/\\\/metaspor.com.tr\\\/futbol\\\/tokatamator\\\/hakkimizda\\\/#primaryimage\",\"url\":\"https:\\\/\\\/metaspor.com.tr\\\/futbol\\\/sakaryaamator\\\/wp-content\\\/uploads\\\/sites\\\/19\\\/2025\\\/10\\\/METASPOR-1-1024x199.png\",\"contentUrl\":\"https:\\\/\\\/metaspor.com.tr\\\/futbol\\\/sakaryaamator\\\/wp-content\\\/uploads\\\/sites\\\/19\\\/2025\\\/10\\\/METASPOR-1-1024x199.png\"},{\"@type\":\"BreadcrumbList\",\"@id\":\"https:\\\/\\\/metaspor.com.tr\\\/futbol\\\/tokatamator\\\/hakkimizda\\\/#breadcrumb\",\"itemListElement\":[{\"@type\":\"ListItem\",\"position\":1,\"name\":\"Anasayfa\",\"item\":\"https:\\\/\\\/metaspor.com.tr\\\/futbol\\\/tokatamator\\\/\"},{\"@type\":\"ListItem\",\"position\":2,\"name\":\"Hakk\u0131m\u0131zda\"}]},{\"@type\":\"WebSite\",\"@id\":\"https:\\\/\\\/metaspor.com.tr\\\/futbol\\\/tokatamator\\\/#website\",\"url\":\"https:\\\/\\\/metaspor.com.tr\\\/futbol\\\/tokatamator\\\/\",\"name\":\"Tokat Amat\u00f6r\",\"description\":\"Tokat Amat\u00f6r Lig\",\"potentialAction\":[{\"@type\":\"SearchAction\",\"target\":{\"@type\":\"EntryPoint\",\"urlTemplate\":\"https:\\\/\\\/metaspor.com.tr\\\/futbol\\\/tokatamator\\\/?s={search_term_string}\"},\"query-input\":{\"@type\":\"PropertyValueSpecification\",\"valueRequired\":true,\"valueName\":\"search_term_string\"}}],\"inLanguage\":\"tr\"}]}<\/script>\n<!-- \/ Yoast SEO plugin. -->","yoast_head_json":{"title":"Hakk\u0131m\u0131zda - Tokat Amat\u00f6r","robots":{"index":"index","follow":"follow","max-snippet":"max-snippet:-1","max-image-preview":"max-image-preview:large","max-video-preview":"max-video-preview:-1"},"canonical":"https:\/\/metaspor.com.tr\/futbol\/tokatamator\/hakkimizda\/","og_locale":"tr_TR","og_type":"article","og_title":"Hakk\u0131m\u0131zda - Tokat Amat\u00f6r","og_description":"Yakla\u015f\u0131k dokuz y\u0131l \u00f6nce Sakarya\u2019da temelleri at\u0131lan Metaspor, amat\u00f6r spora dijital bir soluk kazand\u0131rmak amac\u0131yla yola \u00e7\u0131km\u0131\u015ft\u0131r.Bu yolculu\u011fun ilk ad\u0131m\u0131 olan Sakarya Kurumlar Ligi, 1300\u2019den fazla kamu \u00e7al\u0131\u015fan\u0131n\u0131n kat\u0131l\u0131m\u0131yla b\u00fcy\u00fck bir organizasyona d\u00f6n\u00fc\u015fm\u00fc\u015f ve halen ayn\u0131 heyecanla devam etmektedir. Metaspor\u2019un yap\u0131 ta\u015flar\u0131n\u0131; devlet kurumlar\u0131nda g\u00f6rev yapan, spora g\u00f6n\u00fcl vermi\u015f bireyler olu\u015fturmaktad\u0131r. Kamu disipliniyle birle\u015fen amat\u00f6r ruh, Metaspor\u2019un en b\u00fcy\u00fck g\u00fcc\u00fcd\u00fcr.Ekibimiz; antren\u00f6rler, futbolcular, spikerler ve saha emek\u00e7ilerinden olu\u015fur. Her biri kendi alan\u0131nda deneyimli ve i\u015finin ehli ki\u015filerdir. Metaspor, bir organizat\u00f6r de\u011fil; sporu seven, sahay\u0131 hisseden ve eme\u011fe inanan g\u00f6n\u00fcll\u00fcler toplulu\u011fudur.Amac\u0131m\u0131z, sporun her alan\u0131nda \u00fcretmek, geli\u015ftirmek ve payla\u015fmakt\u0131r. Bu nedenle turnuva veya [&hellip;]","og_url":"https:\/\/metaspor.com.tr\/futbol\/tokatamator\/hakkimizda\/","og_site_name":"Tokat Amat\u00f6r","article_modified_time":"2025-10-25T00:11:57+00:00","twitter_card":"summary_large_image","schema":{"@context":"https:\/\/schema.org","@graph":[{"@type":"WebPage","@id":"https:\/\/metaspor.com.tr\/futbol\/tokatamator\/hakkimizda\/","url":"https:\/\/metaspor.com.tr\/futbol\/tokatamator\/hakkimizda\/","name":"Hakk\u0131m\u0131zda - Tokat Amat\u00f6r","isPartOf":{"@id":"https:\/\/metaspor.com.tr\/futbol\/tokatamator\/#website"},"primaryImageOfPage":{"@id":"https:\/\/metaspor.com.tr\/futbol\/tokatamator\/hakkimizda\/#primaryimage"},"image":{"@id":"https:\/\/metaspor.com.tr\/futbol\/tokatamator\/hakkimizda\/#primaryimage"},"thumbnailUrl":"https:\/\/metaspor.com.tr\/futbol\/sakaryaamator\/wp-content\/uploads\/sites\/19\/2025\/10\/METASPOR-1-1024x199.png","datePublished":"2025-10-17T12:18:48+00:00","dateModified":"2025-10-25T00:11:57+00:00","breadcrumb":{"@id":"https:\/\/metaspor.com.tr\/futbol\/tokatamator\/hakkimizda\/#breadcrumb"},"inLanguage":"tr","potentialAction":[{"@type":"ReadAction","target":["https:\/\/metaspor.com.tr\/futbol\/tokatamator\/hakkimizda\/"]}]},{"@type":"ImageObject","inLanguage":"tr","@id":"https:\/\/metaspor.com.tr\/futbol\/tokatamator\/hakkimizda\/#primaryimage","url":"https:\/\/metaspor.com.tr\/futbol\/sakaryaamator\/wp-content\/uploads\/sites\/19\/2025\/10\/METASPOR-1-1024x199.png","contentUrl":"https:\/\/metaspor.com.tr\/futbol\/sakaryaamator\/wp-content\/uploads\/sites\/19\/2025\/10\/METASPOR-1-1024x199.png"},{"@type":"BreadcrumbList","@id":"https:\/\/metaspor.com.tr\/futbol\/tokatamator\/hakkimizda\/#breadcrumb","itemListElement":[{"@type":"ListItem","position":1,"name":"Anasayfa","item":"https:\/\/metaspor.com.tr\/futbol\/tokatamator\/"},{"@type":"ListItem","position":2,"name":"Hakk\u0131m\u0131zda"}]},{"@type":"WebSite","@id":"https:\/\/metaspor.com.tr\/futbol\/tokatamator\/#website","url":"https:\/\/metaspor.com.tr\/futbol\/tokatamator\/","name":"Tokat Amat\u00f6r","description":"Tokat Amat\u00f6r Lig","potentialAction":[{"@type":"SearchAction","target":{"@type":"EntryPoint","urlTemplate":"https:\/\/metaspor.com.tr\/futbol\/tokatamator\/?s={search_term_string}"},"query-input":{"@type":"PropertyValueSpecification","valueRequired":true,"valueName":"search_term_string"}}],"inLanguage":"tr"}]}},"_links":{"self":[{"href":"https:\/\/metaspor.com.tr\/futbol\/tokatamator\/wp-json\/wp\/v2\/pages\/29","targetHints":{"allow":["GET"]}}],"collection":[{"href":"https:\/\/metaspor.com.tr\/futbol\/tokatamator\/wp-json\/wp\/v2\/pages"}],"about":[{"href":"https:\/\/metaspor.com.tr\/futbol\/tokatamator\/wp-json\/wp\/v2\/types\/page"}],"author":[{"embeddable":true,"href":"https:\/\/metaspor.com.tr\/futbol\/tokatamator\/wp-json\/wp\/v2\/users\/1"}],"replies":[{"embeddable":true,"href":"https:\/\/metaspor.com.tr\/futbol\/tokatamator\/wp-json\/wp\/v2\/comments?post=29"}],"version-history":[{"count":1,"href":"https:\/\/metaspor.com.tr\/futbol\/tokatamator\/wp-json\/wp\/v2\/pages\/29\/revisions"}],"predecessor-version":[{"id":321,"href":"https:\/\/metaspor.com.tr\/futbol\/tokatamator\/wp-json\/wp\/v2\/pages\/29\/revisions\/321"}],"wp:attachment":[{"href":"https:\/\/metaspor.com.tr\/futbol\/tokatamator\/wp-json\/wp\/v2\/media?parent=29"}],"curies":[{"name":"wp","href":"https:\/\/api.w.org\/{rel}","templated":true}]}}