{"id":28,"date":"2025-10-17T15:18:48","date_gmt":"2025-10-17T12:18:48","guid":{"rendered":"https:\/\/metaspor.com.tr\/futbol\/tokatamator\/iletisim\/"},"modified":"2025-10-17T15:18:48","modified_gmt":"2025-10-17T12:18:48","slug":"iletisim","status":"publish","type":"page","link":"https:\/\/metaspor.com.tr\/futbol\/tokatamator\/iletisim\/","title":{"rendered":"\u0130leti\u015fim"},"content":{"rendered":"","protected":false},"excerpt":{"rendered":"","protected":false},"author":1,"featured_media":0,"parent":0,"menu_order":0,"comment_status":"closed","ping_status":"closed","template":"","meta":{"footnotes":""},"class_list":["post-28","page","type-page","status-publish","hentry"],"yoast_head":"<!-- This site is optimized with the Yoast SEO plugin v27.3 - https:\/\/yoast.com\/product\/yoast-seo-wordpress\/ -->\n<title>\u0130leti\u015fim - Tokat Amat\u00f6r<\/title>\n<meta name=\"robots\" content=\"index, follow, max-snippet:-1, max-image-preview:large, max-video-preview:-1\" \/>\n<link rel=\"canonical\" href=\"https:\/\/metaspor.com.tr\/futbol\/tokatamator\/iletisim\/\" \/>\n<meta property=\"og:locale\" content=\"tr_TR\" \/>\n<meta property=\"og:type\" content=\"article\" \/>\n<meta property=\"og:title\" content=\"\u0130leti\u015fim - Tokat Amat\u00f6r\" \/>\n<meta property=\"og:url\" content=\"https:\/\/metaspor.com.tr\/futbol\/tokatamator\/iletisim\/\" \/>\n<meta property=\"og:site_name\" content=\"Tokat Amat\u00f6r\" \/>\n<meta name=\"twitter:card\" content=\"summary_large_image\" \/>\n<script type=\"application\/ld+json\" class=\"yoast-schema-graph\">{\"@context\":\"https:\\\/\\\/schema.org\",\"@graph\":[{\"@type\":\"WebPage\",\"@id\":\"https:\\\/\\\/metaspor.com.tr\\\/futbol\\\/tokatamator\\\/iletisim\\\/\",\"url\":\"https:\\\/\\\/metaspor.com.tr\\\/futbol\\\/tokatamator\\\/iletisim\\\/\",\"name\":\"\u0130leti\u015fim - Tokat Amat\u00f6r\",\"isPartOf\":{\"@id\":\"https:\\\/\\\/metaspor.com.tr\\\/futbol\\\/tokatamator\\\/#website\"},\"datePublished\":\"2025-10-17T12:18:48+00:00\",\"breadcrumb\":{\"@id\":\"https:\\\/\\\/metaspor.com.tr\\\/futbol\\\/tokatamator\\\/iletisim\\\/#breadcrumb\"},\"inLanguage\":\"tr\",\"potentialAction\":[{\"@type\":\"ReadAction\",\"target\":[\"https:\\\/\\\/metaspor.com.tr\\\/futbol\\\/tokatamator\\\/iletisim\\\/\"]}]},{\"@type\":\"BreadcrumbList\",\"@id\":\"https:\\\/\\\/metaspor.com.tr\\\/futbol\\\/tokatamator\\\/iletisim\\\/#breadcrumb\",\"itemListElement\":[{\"@type\":\"ListItem\",\"position\":1,\"name\":\"Anasayfa\",\"item\":\"https:\\\/\\\/metaspor.com.tr\\\/futbol\\\/tokatamator\\\/\"},{\"@type\":\"ListItem\",\"position\":2,\"name\":\"\u0130leti\u015fim\"}]},{\"@type\":\"WebSite\",\"@id\":\"https:\\\/\\\/metaspor.com.tr\\\/futbol\\\/tokatamator\\\/#website\",\"url\":\"https:\\\/\\\/metaspor.com.tr\\\/futbol\\\/tokatamator\\\/\",\"name\":\"Tokat Amat\u00f6r\",\"description\":\"Tokat Amat\u00f6r Lig\",\"potentialAction\":[{\"@type\":\"SearchAction\",\"target\":{\"@type\":\"EntryPoint\",\"urlTemplate\":\"https:\\\/\\\/metaspor.com.tr\\\/futbol\\\/tokatamator\\\/?s={search_term_string}\"},\"query-input\":{\"@type\":\"PropertyValueSpecification\",\"valueRequired\":true,\"valueName\":\"search_term_string\"}}],\"inLanguage\":\"tr\"}]}<\/script>\n<!-- \/ Yoast SEO plugin. -->","yoast_head_json":{"title":"\u0130leti\u015fim - Tokat Amat\u00f6r","robots":{"index":"index","follow":"follow","max-snippet":"max-snippet:-1","max-image-preview":"max-image-preview:large","max-video-preview":"max-video-preview:-1"},"canonical":"https:\/\/metaspor.com.tr\/futbol\/tokatamator\/iletisim\/","og_locale":"tr_TR","og_type":"article","og_title":"\u0130leti\u015fim - Tokat Amat\u00f6r","og_url":"https:\/\/metaspor.com.tr\/futbol\/tokatamator\/iletisim\/","og_site_name":"Tokat Amat\u00f6r","twitter_card":"summary_large_image","schema":{"@context":"https:\/\/schema.org","@graph":[{"@type":"WebPage","@id":"https:\/\/metaspor.com.tr\/futbol\/tokatamator\/iletisim\/","url":"https:\/\/metaspor.com.tr\/futbol\/tokatamator\/iletisim\/","name":"\u0130leti\u015fim - Tokat Amat\u00f6r","isPartOf":{"@id":"https:\/\/metaspor.com.tr\/futbol\/tokatamator\/#website"},"datePublished":"2025-10-17T12:18:48+00:00","breadcrumb":{"@id":"https:\/\/metaspor.com.tr\/futbol\/tokatamator\/iletisim\/#breadcrumb"},"inLanguage":"tr","potentialAction":[{"@type":"ReadAction","target":["https:\/\/metaspor.com.tr\/futbol\/tokatamator\/iletisim\/"]}]},{"@type":"BreadcrumbList","@id":"https:\/\/metaspor.com.tr\/futbol\/tokatamator\/iletisim\/#breadcrumb","itemListElement":[{"@type":"ListItem","position":1,"name":"Anasayfa","item":"https:\/\/metaspor.com.tr\/futbol\/tokatamator\/"},{"@type":"ListItem","position":2,"name":"\u0130leti\u015fim"}]},{"@type":"WebSite","@id":"https:\/\/metaspor.com.tr\/futbol\/tokatamator\/#website","url":"https:\/\/metaspor.com.tr\/futbol\/tokatamator\/","name":"Tokat Amat\u00f6r","description":"Tokat Amat\u00f6r Lig","potentialAction":[{"@type":"SearchAction","target":{"@type":"EntryPoint","urlTemplate":"https:\/\/metaspor.com.tr\/futbol\/tokatamator\/?s={search_term_string}"},"query-input":{"@type":"PropertyValueSpecification","valueRequired":true,"valueName":"search_term_string"}}],"inLanguage":"tr"}]}},"_links":{"self":[{"href":"https:\/\/metaspor.com.tr\/futbol\/tokatamator\/wp-json\/wp\/v2\/pages\/28","targetHints":{"allow":["GET"]}}],"collection":[{"href":"https:\/\/metaspor.com.tr\/futbol\/tokatamator\/wp-json\/wp\/v2\/pages"}],"about":[{"href":"https:\/\/metaspor.com.tr\/futbol\/tokatamator\/wp-json\/wp\/v2\/types\/page"}],"author":[{"embeddable":true,"href":"https:\/\/metaspor.com.tr\/futbol\/tokatamator\/wp-json\/wp\/v2\/users\/1"}],"replies":[{"embeddable":true,"href":"https:\/\/metaspor.com.tr\/futbol\/tokatamator\/wp-json\/wp\/v2\/comments?post=28"}],"version-history":[{"count":0,"href":"https:\/\/metaspor.com.tr\/futbol\/tokatamator\/wp-json\/wp\/v2\/pages\/28\/revisions"}],"wp:attachment":[{"href":"https:\/\/metaspor.com.tr\/futbol\/tokatamator\/wp-json\/wp\/v2\/media?parent=28"}],"curies":[{"name":"wp","href":"https:\/\/api.w.org\/{rel}","templated":true}]}}