{"id":17,"date":"2022-10-04T21:55:36","date_gmt":"2022-10-04T18:55:36","guid":{"rendered":"https:\/\/metaspor.com.tr\/futbol\/sakarya-smmmo-ligi\/?page_id=17"},"modified":"2022-10-04T21:55:37","modified_gmt":"2022-10-04T18:55:37","slug":"online-islemler","status":"publish","type":"page","link":"https:\/\/metaspor.com.tr\/futbol\/smmmoligi\/online-islemler\/","title":{"rendered":"Online \u0130\u015flemler"},"content":{"rendered":"","protected":false},"excerpt":{"rendered":"","protected":false},"author":1,"featured_media":0,"parent":0,"menu_order":0,"comment_status":"closed","ping_status":"closed","template":"","meta":{"footnotes":""},"class_list":["post-17","page","type-page","status-publish","hentry"],"yoast_head":"<!-- This site is optimized with the Yoast SEO plugin v27.6 - https:\/\/yoast.com\/product\/yoast-seo-wordpress\/ -->\n<title>Online \u0130\u015flemler - Sakarya SMMMO Ligi<\/title>\n<meta name=\"robots\" content=\"index, follow, max-snippet:-1, max-image-preview:large, max-video-preview:-1\" \/>\n<link rel=\"canonical\" href=\"https:\/\/metaspor.com.tr\/futbol\/smmmoligi\/online-islemler\/\" \/>\n<meta property=\"og:locale\" content=\"tr_TR\" \/>\n<meta property=\"og:type\" content=\"article\" \/>\n<meta property=\"og:title\" content=\"Online \u0130\u015flemler - Sakarya SMMMO Ligi\" \/>\n<meta property=\"og:url\" content=\"https:\/\/metaspor.com.tr\/futbol\/smmmoligi\/online-islemler\/\" \/>\n<meta property=\"og:site_name\" content=\"Sakarya SMMMO Ligi\" \/>\n<meta property=\"article:modified_time\" content=\"2022-10-04T18:55:37+00:00\" \/>\n<meta name=\"twitter:card\" content=\"summary_large_image\" \/>\n<script type=\"application\/ld+json\" class=\"yoast-schema-graph\">{\"@context\":\"https:\\\/\\\/schema.org\",\"@graph\":[{\"@type\":\"WebPage\",\"@id\":\"https:\\\/\\\/metaspor.com.tr\\\/futbol\\\/smmmoligi\\\/online-islemler\\\/\",\"url\":\"https:\\\/\\\/metaspor.com.tr\\\/futbol\\\/smmmoligi\\\/online-islemler\\\/\",\"name\":\"Online \u0130\u015flemler - Sakarya SMMMO Ligi\",\"isPartOf\":{\"@id\":\"https:\\\/\\\/metaspor.com.tr\\\/futbol\\\/smmmoligi\\\/#website\"},\"datePublished\":\"2022-10-04T18:55:36+00:00\",\"dateModified\":\"2022-10-04T18:55:37+00:00\",\"inLanguage\":\"tr\",\"potentialAction\":[{\"@type\":\"ReadAction\",\"target\":[\"https:\\\/\\\/metaspor.com.tr\\\/futbol\\\/smmmoligi\\\/online-islemler\\\/\"]}]},{\"@type\":\"WebSite\",\"@id\":\"https:\\\/\\\/metaspor.com.tr\\\/futbol\\\/smmmoligi\\\/#website\",\"url\":\"https:\\\/\\\/metaspor.com.tr\\\/futbol\\\/smmmoligi\\\/\",\"name\":\"Sakarya SMMMO Ligi\",\"description\":\"Sakarya Serbest Muhasebeci Mali M\u00fc\u015favirler Odas\u0131 Ligi\",\"publisher\":{\"@id\":\"https:\\\/\\\/metaspor.com.tr\\\/futbol\\\/smmmoligi\\\/#organization\"},\"potentialAction\":[{\"@type\":\"SearchAction\",\"target\":{\"@type\":\"EntryPoint\",\"urlTemplate\":\"https:\\\/\\\/metaspor.com.tr\\\/futbol\\\/smmmoligi\\\/?s={search_term_string}\"},\"query-input\":{\"@type\":\"PropertyValueSpecification\",\"valueRequired\":true,\"valueName\":\"search_term_string\"}}],\"inLanguage\":\"tr\"},{\"@type\":\"Organization\",\"@id\":\"https:\\\/\\\/metaspor.com.tr\\\/futbol\\\/smmmoligi\\\/#organization\",\"name\":\"Sakarya SMMMO Ligi\",\"url\":\"https:\\\/\\\/metaspor.com.tr\\\/futbol\\\/smmmoligi\\\/\",\"logo\":{\"@type\":\"ImageObject\",\"inLanguage\":\"tr\",\"@id\":\"https:\\\/\\\/metaspor.com.tr\\\/futbol\\\/smmmoligi\\\/#\\\/schema\\\/logo\\\/image\\\/\",\"url\":\"https:\\\/\\\/metaspor.com.tr\\\/futbol\\\/smmmoligi\\\/wp-content\\\/uploads\\\/sites\\\/10\\\/2024\\\/08\\\/cropped-Alt-Footer.png\",\"contentUrl\":\"https:\\\/\\\/metaspor.com.tr\\\/futbol\\\/smmmoligi\\\/wp-content\\\/uploads\\\/sites\\\/10\\\/2024\\\/08\\\/cropped-Alt-Footer.png\",\"width\":290,\"height\":95,\"caption\":\"Sakarya SMMMO Ligi\"},\"image\":{\"@id\":\"https:\\\/\\\/metaspor.com.tr\\\/futbol\\\/smmmoligi\\\/#\\\/schema\\\/logo\\\/image\\\/\"}}]}<\/script>\n<!-- \/ Yoast SEO plugin. -->","yoast_head_json":{"title":"Online \u0130\u015flemler - Sakarya SMMMO Ligi","robots":{"index":"index","follow":"follow","max-snippet":"max-snippet:-1","max-image-preview":"max-image-preview:large","max-video-preview":"max-video-preview:-1"},"canonical":"https:\/\/metaspor.com.tr\/futbol\/smmmoligi\/online-islemler\/","og_locale":"tr_TR","og_type":"article","og_title":"Online \u0130\u015flemler - Sakarya SMMMO Ligi","og_url":"https:\/\/metaspor.com.tr\/futbol\/smmmoligi\/online-islemler\/","og_site_name":"Sakarya SMMMO Ligi","article_modified_time":"2022-10-04T18:55:37+00:00","twitter_card":"summary_large_image","schema":{"@context":"https:\/\/schema.org","@graph":[{"@type":"WebPage","@id":"https:\/\/metaspor.com.tr\/futbol\/smmmoligi\/online-islemler\/","url":"https:\/\/metaspor.com.tr\/futbol\/smmmoligi\/online-islemler\/","name":"Online \u0130\u015flemler - Sakarya SMMMO Ligi","isPartOf":{"@id":"https:\/\/metaspor.com.tr\/futbol\/smmmoligi\/#website"},"datePublished":"2022-10-04T18:55:36+00:00","dateModified":"2022-10-04T18:55:37+00:00","inLanguage":"tr","potentialAction":[{"@type":"ReadAction","target":["https:\/\/metaspor.com.tr\/futbol\/smmmoligi\/online-islemler\/"]}]},{"@type":"WebSite","@id":"https:\/\/metaspor.com.tr\/futbol\/smmmoligi\/#website","url":"https:\/\/metaspor.com.tr\/futbol\/smmmoligi\/","name":"Sakarya SMMMO Ligi","description":"Sakarya Serbest Muhasebeci Mali M\u00fc\u015favirler Odas\u0131 Ligi","publisher":{"@id":"https:\/\/metaspor.com.tr\/futbol\/smmmoligi\/#organization"},"potentialAction":[{"@type":"SearchAction","target":{"@type":"EntryPoint","urlTemplate":"https:\/\/metaspor.com.tr\/futbol\/smmmoligi\/?s={search_term_string}"},"query-input":{"@type":"PropertyValueSpecification","valueRequired":true,"valueName":"search_term_string"}}],"inLanguage":"tr"},{"@type":"Organization","@id":"https:\/\/metaspor.com.tr\/futbol\/smmmoligi\/#organization","name":"Sakarya SMMMO Ligi","url":"https:\/\/metaspor.com.tr\/futbol\/smmmoligi\/","logo":{"@type":"ImageObject","inLanguage":"tr","@id":"https:\/\/metaspor.com.tr\/futbol\/smmmoligi\/#\/schema\/logo\/image\/","url":"https:\/\/metaspor.com.tr\/futbol\/smmmoligi\/wp-content\/uploads\/sites\/10\/2024\/08\/cropped-Alt-Footer.png","contentUrl":"https:\/\/metaspor.com.tr\/futbol\/smmmoligi\/wp-content\/uploads\/sites\/10\/2024\/08\/cropped-Alt-Footer.png","width":290,"height":95,"caption":"Sakarya SMMMO Ligi"},"image":{"@id":"https:\/\/metaspor.com.tr\/futbol\/smmmoligi\/#\/schema\/logo\/image\/"}}]}},"_links":{"self":[{"href":"https:\/\/metaspor.com.tr\/futbol\/smmmoligi\/wp-json\/wp\/v2\/pages\/17","targetHints":{"allow":["GET"]}}],"collection":[{"href":"https:\/\/metaspor.com.tr\/futbol\/smmmoligi\/wp-json\/wp\/v2\/pages"}],"about":[{"href":"https:\/\/metaspor.com.tr\/futbol\/smmmoligi\/wp-json\/wp\/v2\/types\/page"}],"author":[{"embeddable":true,"href":"https:\/\/metaspor.com.tr\/futbol\/smmmoligi\/wp-json\/wp\/v2\/users\/1"}],"replies":[{"embeddable":true,"href":"https:\/\/metaspor.com.tr\/futbol\/smmmoligi\/wp-json\/wp\/v2\/comments?post=17"}],"version-history":[{"count":1,"href":"https:\/\/metaspor.com.tr\/futbol\/smmmoligi\/wp-json\/wp\/v2\/pages\/17\/revisions"}],"predecessor-version":[{"id":18,"href":"https:\/\/metaspor.com.tr\/futbol\/smmmoligi\/wp-json\/wp\/v2\/pages\/17\/revisions\/18"}],"wp:attachment":[{"href":"https:\/\/metaspor.com.tr\/futbol\/smmmoligi\/wp-json\/wp\/v2\/media?parent=17"}],"curies":[{"name":"wp","href":"https:\/\/api.w.org\/{rel}","templated":true}]}}