{"id":4227,"date":"2026-04-05T14:15:28","date_gmt":"2026-04-05T11:15:28","guid":{"rendered":"https:\/\/metaspor.com.tr\/futbol\/sakaryaamator\/?page_id=4227"},"modified":"2026-04-05T14:15:29","modified_gmt":"2026-04-05T11:15:29","slug":"akis","status":"publish","type":"page","link":"https:\/\/metaspor.com.tr\/futbol\/sakaryaamator\/akis\/","title":{"rendered":"Ak\u0131\u015f"},"content":{"rendered":"","protected":false},"excerpt":{"rendered":"","protected":false},"author":1,"featured_media":0,"parent":0,"menu_order":0,"comment_status":"closed","ping_status":"closed","template":"","meta":{"footnotes":""},"class_list":["post-4227","page","type-page","status-publish","hentry"],"yoast_head":"<!-- This site is optimized with the Yoast SEO plugin v27.4 - https:\/\/yoast.com\/product\/yoast-seo-wordpress\/ -->\n<title>Ak\u0131\u015f - Sakarya Amat\u00f6r<\/title>\n<meta name=\"robots\" content=\"index, follow, max-snippet:-1, max-image-preview:large, max-video-preview:-1\" \/>\n<link rel=\"canonical\" href=\"https:\/\/metaspor.com.tr\/futbol\/sakaryaamator\/akis\/\" \/>\n<meta property=\"og:locale\" content=\"tr_TR\" \/>\n<meta property=\"og:type\" content=\"article\" \/>\n<meta property=\"og:title\" content=\"Ak\u0131\u015f - Sakarya Amat\u00f6r\" \/>\n<meta property=\"og:url\" content=\"https:\/\/metaspor.com.tr\/futbol\/sakaryaamator\/akis\/\" \/>\n<meta property=\"og:site_name\" content=\"Sakarya Amat\u00f6r\" \/>\n<meta property=\"article:modified_time\" content=\"2026-04-05T11:15:29+00:00\" \/>\n<meta name=\"twitter:card\" content=\"summary_large_image\" \/>\n<script type=\"application\/ld+json\" class=\"yoast-schema-graph\">{\"@context\":\"https:\\\/\\\/schema.org\",\"@graph\":[{\"@type\":\"WebPage\",\"@id\":\"https:\\\/\\\/metaspor.com.tr\\\/futbol\\\/sakaryaamator\\\/akis\\\/\",\"url\":\"https:\\\/\\\/metaspor.com.tr\\\/futbol\\\/sakaryaamator\\\/akis\\\/\",\"name\":\"Ak\u0131\u015f - Sakarya Amat\u00f6r\",\"isPartOf\":{\"@id\":\"https:\\\/\\\/metaspor.com.tr\\\/futbol\\\/sakaryaamator\\\/#website\"},\"datePublished\":\"2026-04-05T11:15:28+00:00\",\"dateModified\":\"2026-04-05T11:15:29+00:00\",\"breadcrumb\":{\"@id\":\"https:\\\/\\\/metaspor.com.tr\\\/futbol\\\/sakaryaamator\\\/akis\\\/#breadcrumb\"},\"inLanguage\":\"tr\",\"potentialAction\":[{\"@type\":\"ReadAction\",\"target\":[\"https:\\\/\\\/metaspor.com.tr\\\/futbol\\\/sakaryaamator\\\/akis\\\/\"]}]},{\"@type\":\"BreadcrumbList\",\"@id\":\"https:\\\/\\\/metaspor.com.tr\\\/futbol\\\/sakaryaamator\\\/akis\\\/#breadcrumb\",\"itemListElement\":[{\"@type\":\"ListItem\",\"position\":1,\"name\":\"Anasayfa\",\"item\":\"https:\\\/\\\/metaspor.com.tr\\\/futbol\\\/sakaryaamator\\\/\"},{\"@type\":\"ListItem\",\"position\":2,\"name\":\"Ak\u0131\u015f\"}]},{\"@type\":\"WebSite\",\"@id\":\"https:\\\/\\\/metaspor.com.tr\\\/futbol\\\/sakaryaamator\\\/#website\",\"url\":\"https:\\\/\\\/metaspor.com.tr\\\/futbol\\\/sakaryaamator\\\/\",\"name\":\"Sakarya Amat\u00f6r\",\"description\":\"\",\"potentialAction\":[{\"@type\":\"SearchAction\",\"target\":{\"@type\":\"EntryPoint\",\"urlTemplate\":\"https:\\\/\\\/metaspor.com.tr\\\/futbol\\\/sakaryaamator\\\/?s={search_term_string}\"},\"query-input\":{\"@type\":\"PropertyValueSpecification\",\"valueRequired\":true,\"valueName\":\"search_term_string\"}}],\"inLanguage\":\"tr\"}]}<\/script>\n<!-- \/ Yoast SEO plugin. -->","yoast_head_json":{"title":"Ak\u0131\u015f - Sakarya Amat\u00f6r","robots":{"index":"index","follow":"follow","max-snippet":"max-snippet:-1","max-image-preview":"max-image-preview:large","max-video-preview":"max-video-preview:-1"},"canonical":"https:\/\/metaspor.com.tr\/futbol\/sakaryaamator\/akis\/","og_locale":"tr_TR","og_type":"article","og_title":"Ak\u0131\u015f - Sakarya Amat\u00f6r","og_url":"https:\/\/metaspor.com.tr\/futbol\/sakaryaamator\/akis\/","og_site_name":"Sakarya Amat\u00f6r","article_modified_time":"2026-04-05T11:15:29+00:00","twitter_card":"summary_large_image","schema":{"@context":"https:\/\/schema.org","@graph":[{"@type":"WebPage","@id":"https:\/\/metaspor.com.tr\/futbol\/sakaryaamator\/akis\/","url":"https:\/\/metaspor.com.tr\/futbol\/sakaryaamator\/akis\/","name":"Ak\u0131\u015f - Sakarya Amat\u00f6r","isPartOf":{"@id":"https:\/\/metaspor.com.tr\/futbol\/sakaryaamator\/#website"},"datePublished":"2026-04-05T11:15:28+00:00","dateModified":"2026-04-05T11:15:29+00:00","breadcrumb":{"@id":"https:\/\/metaspor.com.tr\/futbol\/sakaryaamator\/akis\/#breadcrumb"},"inLanguage":"tr","potentialAction":[{"@type":"ReadAction","target":["https:\/\/metaspor.com.tr\/futbol\/sakaryaamator\/akis\/"]}]},{"@type":"BreadcrumbList","@id":"https:\/\/metaspor.com.tr\/futbol\/sakaryaamator\/akis\/#breadcrumb","itemListElement":[{"@type":"ListItem","position":1,"name":"Anasayfa","item":"https:\/\/metaspor.com.tr\/futbol\/sakaryaamator\/"},{"@type":"ListItem","position":2,"name":"Ak\u0131\u015f"}]},{"@type":"WebSite","@id":"https:\/\/metaspor.com.tr\/futbol\/sakaryaamator\/#website","url":"https:\/\/metaspor.com.tr\/futbol\/sakaryaamator\/","name":"Sakarya Amat\u00f6r","description":"","potentialAction":[{"@type":"SearchAction","target":{"@type":"EntryPoint","urlTemplate":"https:\/\/metaspor.com.tr\/futbol\/sakaryaamator\/?s={search_term_string}"},"query-input":{"@type":"PropertyValueSpecification","valueRequired":true,"valueName":"search_term_string"}}],"inLanguage":"tr"}]}},"_links":{"self":[{"href":"https:\/\/metaspor.com.tr\/futbol\/sakaryaamator\/wp-json\/wp\/v2\/pages\/4227","targetHints":{"allow":["GET"]}}],"collection":[{"href":"https:\/\/metaspor.com.tr\/futbol\/sakaryaamator\/wp-json\/wp\/v2\/pages"}],"about":[{"href":"https:\/\/metaspor.com.tr\/futbol\/sakaryaamator\/wp-json\/wp\/v2\/types\/page"}],"author":[{"embeddable":true,"href":"https:\/\/metaspor.com.tr\/futbol\/sakaryaamator\/wp-json\/wp\/v2\/users\/1"}],"replies":[{"embeddable":true,"href":"https:\/\/metaspor.com.tr\/futbol\/sakaryaamator\/wp-json\/wp\/v2\/comments?post=4227"}],"version-history":[{"count":1,"href":"https:\/\/metaspor.com.tr\/futbol\/sakaryaamator\/wp-json\/wp\/v2\/pages\/4227\/revisions"}],"predecessor-version":[{"id":4228,"href":"https:\/\/metaspor.com.tr\/futbol\/sakaryaamator\/wp-json\/wp\/v2\/pages\/4227\/revisions\/4228"}],"wp:attachment":[{"href":"https:\/\/metaspor.com.tr\/futbol\/sakaryaamator\/wp-json\/wp\/v2\/media?parent=4227"}],"curies":[{"name":"wp","href":"https:\/\/api.w.org\/{rel}","templated":true}]}}