{"id":29,"date":"2025-05-08T13:18:13","date_gmt":"2025-05-08T10:18:13","guid":{"rendered":"https:\/\/metaspor.com.tr\/futbol\/junior-super-lig\/yonetim-kurulu\/"},"modified":"2025-05-08T13:18:13","modified_gmt":"2025-05-08T10:18:13","slug":"yonetim-kurulu","status":"publish","type":"page","link":"https:\/\/metaspor.com.tr\/futbol\/olgunlarturnuvasi\/yonetim-kurulu\/","title":{"rendered":"Y\u00f6netim Kurulu"},"content":{"rendered":"<p>G\u00fcncelleniyor&#8230;<\/p>\n","protected":false},"excerpt":{"rendered":"<p>G\u00fcncelleniyor&#8230;<\/p>\n","protected":false},"author":1,"featured_media":0,"parent":0,"menu_order":0,"comment_status":"closed","ping_status":"closed","template":"","meta":{"footnotes":""},"class_list":["post-29","page","type-page","status-publish","hentry"],"yoast_head":"<!-- This site is optimized with the Yoast SEO plugin v27.5 - https:\/\/yoast.com\/product\/yoast-seo-wordpress\/ -->\n<title>Y\u00f6netim Kurulu - Olgunlar Turnuvas\u0131<\/title>\n<meta name=\"robots\" content=\"index, follow, max-snippet:-1, max-image-preview:large, max-video-preview:-1\" \/>\n<link rel=\"canonical\" href=\"https:\/\/metaspor.com.tr\/futbol\/olgunlarturnuvasi\/yonetim-kurulu\/\" \/>\n<meta property=\"og:locale\" content=\"tr_TR\" \/>\n<meta property=\"og:type\" content=\"article\" \/>\n<meta property=\"og:title\" content=\"Y\u00f6netim Kurulu - Olgunlar Turnuvas\u0131\" \/>\n<meta property=\"og:description\" content=\"G\u00fcncelleniyor&#8230;\" \/>\n<meta property=\"og:url\" content=\"https:\/\/metaspor.com.tr\/futbol\/olgunlarturnuvasi\/yonetim-kurulu\/\" \/>\n<meta property=\"og:site_name\" content=\"Olgunlar Turnuvas\u0131\" \/>\n<meta name=\"twitter:card\" content=\"summary_large_image\" \/>\n<script type=\"application\/ld+json\" class=\"yoast-schema-graph\">{\"@context\":\"https:\\\/\\\/schema.org\",\"@graph\":[{\"@type\":\"WebPage\",\"@id\":\"https:\\\/\\\/metaspor.com.tr\\\/futbol\\\/olgunlarturnuvasi\\\/yonetim-kurulu\\\/\",\"url\":\"https:\\\/\\\/metaspor.com.tr\\\/futbol\\\/olgunlarturnuvasi\\\/yonetim-kurulu\\\/\",\"name\":\"Y\u00f6netim Kurulu - Olgunlar Turnuvas\u0131\",\"isPartOf\":{\"@id\":\"https:\\\/\\\/metaspor.com.tr\\\/futbol\\\/olgunlarturnuvasi\\\/#website\"},\"datePublished\":\"2025-05-08T10:18:13+00:00\",\"breadcrumb\":{\"@id\":\"https:\\\/\\\/metaspor.com.tr\\\/futbol\\\/olgunlarturnuvasi\\\/yonetim-kurulu\\\/#breadcrumb\"},\"inLanguage\":\"tr\",\"potentialAction\":[{\"@type\":\"ReadAction\",\"target\":[\"https:\\\/\\\/metaspor.com.tr\\\/futbol\\\/olgunlarturnuvasi\\\/yonetim-kurulu\\\/\"]}]},{\"@type\":\"BreadcrumbList\",\"@id\":\"https:\\\/\\\/metaspor.com.tr\\\/futbol\\\/olgunlarturnuvasi\\\/yonetim-kurulu\\\/#breadcrumb\",\"itemListElement\":[{\"@type\":\"ListItem\",\"position\":1,\"name\":\"Olgunlar Turnuvas\u0131\",\"item\":\"https:\\\/\\\/metaspor.com.tr\\\/futbol\\\/olgunlarturnuvasi\\\/\"},{\"@type\":\"ListItem\",\"position\":2,\"name\":\"Y\u00f6netim Kurulu\"}]},{\"@type\":\"WebSite\",\"@id\":\"https:\\\/\\\/metaspor.com.tr\\\/futbol\\\/olgunlarturnuvasi\\\/#website\",\"url\":\"https:\\\/\\\/metaspor.com.tr\\\/futbol\\\/olgunlarturnuvasi\\\/\",\"name\":\"Olgunlar Turnuvas\u0131\",\"description\":\"Sakarya\",\"publisher\":{\"@id\":\"https:\\\/\\\/metaspor.com.tr\\\/futbol\\\/olgunlarturnuvasi\\\/#organization\"},\"potentialAction\":[{\"@type\":\"SearchAction\",\"target\":{\"@type\":\"EntryPoint\",\"urlTemplate\":\"https:\\\/\\\/metaspor.com.tr\\\/futbol\\\/olgunlarturnuvasi\\\/?s={search_term_string}\"},\"query-input\":{\"@type\":\"PropertyValueSpecification\",\"valueRequired\":true,\"valueName\":\"search_term_string\"}}],\"inLanguage\":\"tr\"},{\"@type\":\"Organization\",\"@id\":\"https:\\\/\\\/metaspor.com.tr\\\/futbol\\\/olgunlarturnuvasi\\\/#organization\",\"name\":\"Sakarya Olgunlar Turnuvas\u0131\",\"alternateName\":\"Olgunlar Turnuvas\u0131\",\"url\":\"https:\\\/\\\/metaspor.com.tr\\\/futbol\\\/olgunlarturnuvasi\\\/\",\"logo\":{\"@type\":\"ImageObject\",\"inLanguage\":\"tr\",\"@id\":\"https:\\\/\\\/metaspor.com.tr\\\/futbol\\\/olgunlarturnuvasi\\\/#\\\/schema\\\/logo\\\/image\\\/\",\"url\":\"https:\\\/\\\/metaspor.com.tr\\\/futbol\\\/olgunlarturnuvasi\\\/wp-content\\\/uploads\\\/sites\\\/18\\\/2025\\\/05\\\/sakarya-olgunlar-turnuvasi-logo.png\",\"contentUrl\":\"https:\\\/\\\/metaspor.com.tr\\\/futbol\\\/olgunlarturnuvasi\\\/wp-content\\\/uploads\\\/sites\\\/18\\\/2025\\\/05\\\/sakarya-olgunlar-turnuvasi-logo.png\",\"width\":120,\"height\":120,\"caption\":\"Sakarya Olgunlar Turnuvas\u0131\"},\"image\":{\"@id\":\"https:\\\/\\\/metaspor.com.tr\\\/futbol\\\/olgunlarturnuvasi\\\/#\\\/schema\\\/logo\\\/image\\\/\"}}]}<\/script>\n<!-- \/ Yoast SEO plugin. -->","yoast_head_json":{"title":"Y\u00f6netim Kurulu - Olgunlar Turnuvas\u0131","robots":{"index":"index","follow":"follow","max-snippet":"max-snippet:-1","max-image-preview":"max-image-preview:large","max-video-preview":"max-video-preview:-1"},"canonical":"https:\/\/metaspor.com.tr\/futbol\/olgunlarturnuvasi\/yonetim-kurulu\/","og_locale":"tr_TR","og_type":"article","og_title":"Y\u00f6netim Kurulu - Olgunlar Turnuvas\u0131","og_description":"G\u00fcncelleniyor&#8230;","og_url":"https:\/\/metaspor.com.tr\/futbol\/olgunlarturnuvasi\/yonetim-kurulu\/","og_site_name":"Olgunlar Turnuvas\u0131","twitter_card":"summary_large_image","schema":{"@context":"https:\/\/schema.org","@graph":[{"@type":"WebPage","@id":"https:\/\/metaspor.com.tr\/futbol\/olgunlarturnuvasi\/yonetim-kurulu\/","url":"https:\/\/metaspor.com.tr\/futbol\/olgunlarturnuvasi\/yonetim-kurulu\/","name":"Y\u00f6netim Kurulu - Olgunlar Turnuvas\u0131","isPartOf":{"@id":"https:\/\/metaspor.com.tr\/futbol\/olgunlarturnuvasi\/#website"},"datePublished":"2025-05-08T10:18:13+00:00","breadcrumb":{"@id":"https:\/\/metaspor.com.tr\/futbol\/olgunlarturnuvasi\/yonetim-kurulu\/#breadcrumb"},"inLanguage":"tr","potentialAction":[{"@type":"ReadAction","target":["https:\/\/metaspor.com.tr\/futbol\/olgunlarturnuvasi\/yonetim-kurulu\/"]}]},{"@type":"BreadcrumbList","@id":"https:\/\/metaspor.com.tr\/futbol\/olgunlarturnuvasi\/yonetim-kurulu\/#breadcrumb","itemListElement":[{"@type":"ListItem","position":1,"name":"Olgunlar Turnuvas\u0131","item":"https:\/\/metaspor.com.tr\/futbol\/olgunlarturnuvasi\/"},{"@type":"ListItem","position":2,"name":"Y\u00f6netim Kurulu"}]},{"@type":"WebSite","@id":"https:\/\/metaspor.com.tr\/futbol\/olgunlarturnuvasi\/#website","url":"https:\/\/metaspor.com.tr\/futbol\/olgunlarturnuvasi\/","name":"Olgunlar Turnuvas\u0131","description":"Sakarya","publisher":{"@id":"https:\/\/metaspor.com.tr\/futbol\/olgunlarturnuvasi\/#organization"},"potentialAction":[{"@type":"SearchAction","target":{"@type":"EntryPoint","urlTemplate":"https:\/\/metaspor.com.tr\/futbol\/olgunlarturnuvasi\/?s={search_term_string}"},"query-input":{"@type":"PropertyValueSpecification","valueRequired":true,"valueName":"search_term_string"}}],"inLanguage":"tr"},{"@type":"Organization","@id":"https:\/\/metaspor.com.tr\/futbol\/olgunlarturnuvasi\/#organization","name":"Sakarya Olgunlar Turnuvas\u0131","alternateName":"Olgunlar Turnuvas\u0131","url":"https:\/\/metaspor.com.tr\/futbol\/olgunlarturnuvasi\/","logo":{"@type":"ImageObject","inLanguage":"tr","@id":"https:\/\/metaspor.com.tr\/futbol\/olgunlarturnuvasi\/#\/schema\/logo\/image\/","url":"https:\/\/metaspor.com.tr\/futbol\/olgunlarturnuvasi\/wp-content\/uploads\/sites\/18\/2025\/05\/sakarya-olgunlar-turnuvasi-logo.png","contentUrl":"https:\/\/metaspor.com.tr\/futbol\/olgunlarturnuvasi\/wp-content\/uploads\/sites\/18\/2025\/05\/sakarya-olgunlar-turnuvasi-logo.png","width":120,"height":120,"caption":"Sakarya Olgunlar Turnuvas\u0131"},"image":{"@id":"https:\/\/metaspor.com.tr\/futbol\/olgunlarturnuvasi\/#\/schema\/logo\/image\/"}}]}},"_links":{"self":[{"href":"https:\/\/metaspor.com.tr\/futbol\/olgunlarturnuvasi\/wp-json\/wp\/v2\/pages\/29","targetHints":{"allow":["GET"]}}],"collection":[{"href":"https:\/\/metaspor.com.tr\/futbol\/olgunlarturnuvasi\/wp-json\/wp\/v2\/pages"}],"about":[{"href":"https:\/\/metaspor.com.tr\/futbol\/olgunlarturnuvasi\/wp-json\/wp\/v2\/types\/page"}],"author":[{"embeddable":true,"href":"https:\/\/metaspor.com.tr\/futbol\/olgunlarturnuvasi\/wp-json\/wp\/v2\/users\/1"}],"replies":[{"embeddable":true,"href":"https:\/\/metaspor.com.tr\/futbol\/olgunlarturnuvasi\/wp-json\/wp\/v2\/comments?post=29"}],"version-history":[{"count":0,"href":"https:\/\/metaspor.com.tr\/futbol\/olgunlarturnuvasi\/wp-json\/wp\/v2\/pages\/29\/revisions"}],"wp:attachment":[{"href":"https:\/\/metaspor.com.tr\/futbol\/olgunlarturnuvasi\/wp-json\/wp\/v2\/media?parent=29"}],"curies":[{"name":"wp","href":"https:\/\/api.w.org\/{rel}","templated":true}]}}