{"id":9,"date":"2026-05-02T11:33:09","date_gmt":"2026-05-02T08:33:09","guid":{"rendered":"https:\/\/metaspor.com.tr\/futbol\/ataturkbaharturnuvasi\/sozlesmeler\/"},"modified":"2026-05-02T11:33:09","modified_gmt":"2026-05-02T08:33:09","slug":"sozlesmeler","status":"publish","type":"page","link":"https:\/\/metaspor.com.tr\/futbol\/ataturkbaharturnuvasi\/sozlesmeler\/","title":{"rendered":"S\u00f6zle\u015fmeler"},"content":{"rendered":"","protected":false},"excerpt":{"rendered":"","protected":false},"author":1,"featured_media":0,"parent":0,"menu_order":0,"comment_status":"closed","ping_status":"closed","template":"","meta":{"footnotes":""},"class_list":["post-9","page","type-page","status-publish","hentry"],"yoast_head":"<!-- This site is optimized with the Yoast SEO plugin v27.5 - https:\/\/yoast.com\/product\/yoast-seo-wordpress\/ -->\n<title>S\u00f6zle\u015fmeler - Atat\u00fcrk Bahar Turnuvas\u0131<\/title>\n<meta name=\"robots\" content=\"index, follow, max-snippet:-1, max-image-preview:large, max-video-preview:-1\" \/>\n<link rel=\"canonical\" href=\"https:\/\/metaspor.com.tr\/futbol\/ataturkbaharturnuvasi\/sozlesmeler\/\" \/>\n<meta property=\"og:locale\" content=\"tr_TR\" \/>\n<meta property=\"og:type\" content=\"article\" \/>\n<meta property=\"og:title\" content=\"S\u00f6zle\u015fmeler - Atat\u00fcrk Bahar Turnuvas\u0131\" \/>\n<meta property=\"og:url\" content=\"https:\/\/metaspor.com.tr\/futbol\/ataturkbaharturnuvasi\/sozlesmeler\/\" \/>\n<meta property=\"og:site_name\" content=\"Atat\u00fcrk Bahar Turnuvas\u0131\" \/>\n<meta name=\"twitter:card\" content=\"summary_large_image\" \/>\n<script type=\"application\/ld+json\" class=\"yoast-schema-graph\">{\"@context\":\"https:\\\/\\\/schema.org\",\"@graph\":[{\"@type\":\"WebPage\",\"@id\":\"https:\\\/\\\/metaspor.com.tr\\\/futbol\\\/ataturkbaharturnuvasi\\\/sozlesmeler\\\/\",\"url\":\"https:\\\/\\\/metaspor.com.tr\\\/futbol\\\/ataturkbaharturnuvasi\\\/sozlesmeler\\\/\",\"name\":\"S\u00f6zle\u015fmeler - Atat\u00fcrk Bahar Turnuvas\u0131\",\"isPartOf\":{\"@id\":\"https:\\\/\\\/metaspor.com.tr\\\/futbol\\\/ataturkbaharturnuvasi\\\/#website\"},\"datePublished\":\"2026-05-02T08:33:09+00:00\",\"breadcrumb\":{\"@id\":\"https:\\\/\\\/metaspor.com.tr\\\/futbol\\\/ataturkbaharturnuvasi\\\/sozlesmeler\\\/#breadcrumb\"},\"inLanguage\":\"tr\",\"potentialAction\":[{\"@type\":\"ReadAction\",\"target\":[\"https:\\\/\\\/metaspor.com.tr\\\/futbol\\\/ataturkbaharturnuvasi\\\/sozlesmeler\\\/\"]}]},{\"@type\":\"BreadcrumbList\",\"@id\":\"https:\\\/\\\/metaspor.com.tr\\\/futbol\\\/ataturkbaharturnuvasi\\\/sozlesmeler\\\/#breadcrumb\",\"itemListElement\":[{\"@type\":\"ListItem\",\"position\":1,\"name\":\"Anasayfa\",\"item\":\"https:\\\/\\\/metaspor.com.tr\\\/futbol\\\/ataturkbaharturnuvasi\\\/\"},{\"@type\":\"ListItem\",\"position\":2,\"name\":\"S\u00f6zle\u015fmeler\"}]},{\"@type\":\"WebSite\",\"@id\":\"https:\\\/\\\/metaspor.com.tr\\\/futbol\\\/ataturkbaharturnuvasi\\\/#website\",\"url\":\"https:\\\/\\\/metaspor.com.tr\\\/futbol\\\/ataturkbaharturnuvasi\\\/\",\"name\":\"Atat\u00fcrk Bahar Turnuvas\u0131\",\"description\":\"\",\"potentialAction\":[{\"@type\":\"SearchAction\",\"target\":{\"@type\":\"EntryPoint\",\"urlTemplate\":\"https:\\\/\\\/metaspor.com.tr\\\/futbol\\\/ataturkbaharturnuvasi\\\/?s={search_term_string}\"},\"query-input\":{\"@type\":\"PropertyValueSpecification\",\"valueRequired\":true,\"valueName\":\"search_term_string\"}}],\"inLanguage\":\"tr\"}]}<\/script>\n<!-- \/ Yoast SEO plugin. -->","yoast_head_json":{"title":"S\u00f6zle\u015fmeler - Atat\u00fcrk Bahar Turnuvas\u0131","robots":{"index":"index","follow":"follow","max-snippet":"max-snippet:-1","max-image-preview":"max-image-preview:large","max-video-preview":"max-video-preview:-1"},"canonical":"https:\/\/metaspor.com.tr\/futbol\/ataturkbaharturnuvasi\/sozlesmeler\/","og_locale":"tr_TR","og_type":"article","og_title":"S\u00f6zle\u015fmeler - Atat\u00fcrk Bahar Turnuvas\u0131","og_url":"https:\/\/metaspor.com.tr\/futbol\/ataturkbaharturnuvasi\/sozlesmeler\/","og_site_name":"Atat\u00fcrk Bahar Turnuvas\u0131","twitter_card":"summary_large_image","schema":{"@context":"https:\/\/schema.org","@graph":[{"@type":"WebPage","@id":"https:\/\/metaspor.com.tr\/futbol\/ataturkbaharturnuvasi\/sozlesmeler\/","url":"https:\/\/metaspor.com.tr\/futbol\/ataturkbaharturnuvasi\/sozlesmeler\/","name":"S\u00f6zle\u015fmeler - Atat\u00fcrk Bahar Turnuvas\u0131","isPartOf":{"@id":"https:\/\/metaspor.com.tr\/futbol\/ataturkbaharturnuvasi\/#website"},"datePublished":"2026-05-02T08:33:09+00:00","breadcrumb":{"@id":"https:\/\/metaspor.com.tr\/futbol\/ataturkbaharturnuvasi\/sozlesmeler\/#breadcrumb"},"inLanguage":"tr","potentialAction":[{"@type":"ReadAction","target":["https:\/\/metaspor.com.tr\/futbol\/ataturkbaharturnuvasi\/sozlesmeler\/"]}]},{"@type":"BreadcrumbList","@id":"https:\/\/metaspor.com.tr\/futbol\/ataturkbaharturnuvasi\/sozlesmeler\/#breadcrumb","itemListElement":[{"@type":"ListItem","position":1,"name":"Anasayfa","item":"https:\/\/metaspor.com.tr\/futbol\/ataturkbaharturnuvasi\/"},{"@type":"ListItem","position":2,"name":"S\u00f6zle\u015fmeler"}]},{"@type":"WebSite","@id":"https:\/\/metaspor.com.tr\/futbol\/ataturkbaharturnuvasi\/#website","url":"https:\/\/metaspor.com.tr\/futbol\/ataturkbaharturnuvasi\/","name":"Atat\u00fcrk Bahar Turnuvas\u0131","description":"","potentialAction":[{"@type":"SearchAction","target":{"@type":"EntryPoint","urlTemplate":"https:\/\/metaspor.com.tr\/futbol\/ataturkbaharturnuvasi\/?s={search_term_string}"},"query-input":{"@type":"PropertyValueSpecification","valueRequired":true,"valueName":"search_term_string"}}],"inLanguage":"tr"}]}},"_links":{"self":[{"href":"https:\/\/metaspor.com.tr\/futbol\/ataturkbaharturnuvasi\/wp-json\/wp\/v2\/pages\/9","targetHints":{"allow":["GET"]}}],"collection":[{"href":"https:\/\/metaspor.com.tr\/futbol\/ataturkbaharturnuvasi\/wp-json\/wp\/v2\/pages"}],"about":[{"href":"https:\/\/metaspor.com.tr\/futbol\/ataturkbaharturnuvasi\/wp-json\/wp\/v2\/types\/page"}],"author":[{"embeddable":true,"href":"https:\/\/metaspor.com.tr\/futbol\/ataturkbaharturnuvasi\/wp-json\/wp\/v2\/users\/1"}],"replies":[{"embeddable":true,"href":"https:\/\/metaspor.com.tr\/futbol\/ataturkbaharturnuvasi\/wp-json\/wp\/v2\/comments?post=9"}],"version-history":[{"count":0,"href":"https:\/\/metaspor.com.tr\/futbol\/ataturkbaharturnuvasi\/wp-json\/wp\/v2\/pages\/9\/revisions"}],"wp:attachment":[{"href":"https:\/\/metaspor.com.tr\/futbol\/ataturkbaharturnuvasi\/wp-json\/wp\/v2\/media?parent=9"}],"curies":[{"name":"wp","href":"https:\/\/api.w.org\/{rel}","templated":true}]}}